{"id":974,"date":"2020-10-26T18:05:01","date_gmt":"2020-10-26T17:05:01","guid":{"rendered":"https:\/\/gers543843966.wordpress.com\/?page_id=618"},"modified":"2022-04-05T06:15:42","modified_gmt":"2022-04-04T21:15:42","slug":"partner","status":"publish","type":"page","link":"https:\/\/gerstex.com\/de\/partner\/","title":{"rendered":"PARTNER_de"},"content":{"rendered":"\n<p class=\"has-text-align-center has-normal-font-size\"><strong>German Student Exchange, das sind wir! <\/strong><img class=\"wp-image-491\" style=\"width: 300px\" src=\"http:\/\/gerstex.com\/en\/wp-content\/uploads\/sites\/2\/2020\/10\/ebb9a8eab084ec84a0.png\" alt=\"\"><\/p>\n\n\n\n<hr class=\"wp-block-separator has-text-color has-background is-style-default\" style=\"background-color:#ba1b12;color:#ba1b12\"\/>\n\n\n\n<p class=\"has-text-align-center\"><span style=\"text-decoration:underline\">CEO<\/span><\/p>\n\n\n\n<div class=\"wp-block-image is-style-default\"><figure class=\"aligncenter size-full\"><img loading=\"lazy\" width=\"391\" height=\"474\" src=\"https:\/\/gerstex.com\/en\/wp-content\/uploads\/sites\/2\/2022\/04\/2.jpg\" alt=\"\" class=\"wp-image-2249\" srcset=\"https:\/\/gerstex.com\/de\/wp-content\/uploads\/sites\/2\/2022\/04\/2.jpg 391w, https:\/\/gerstex.com\/de\/wp-content\/uploads\/sites\/2\/2022\/04\/2-247x300.jpg 247w\" sizes=\"(max-width: 391px) 100vw, 391px\" \/><figcaption>Doris Balsam<\/figcaption><\/figure><\/div>\n\n\n\n<div style=\"height:55px\" aria-hidden=\"true\" class=\"wp-block-spacer\"><\/div>\n\n\n\n<div class=\"wp-container-1 wp-block-group\"><div class=\"wp-block-group__inner-container\">\n<div class=\"wp-block-columns\">\n<div class=\"wp-block-column\" style=\"flex-basis:48.2%\"><\/div>\n\n\n\n<div class=\"wp-block-column\"><\/div>\n\n\n\n<div class=\"wp-block-column\"><\/div>\n<\/div>\n\n\n\n<p><\/p>\n<\/div><\/div>\n\n\n\n<div class=\"wp-container-2 wp-block-group\"><div class=\"wp-block-group__inner-container\">\n<div class=\"wp-block-columns are-vertically-aligned-bottom\">\n<div class=\"wp-block-column is-vertically-aligned-bottom\">\n<p class=\"txt_german has-small-font-size\"><span style=\"text-decoration:underline\">Gast Familie f\u00fcr<strong> Deutschland<\/strong><\/span><\/p>\n\n\n\n<figure class=\"wp-block-image size-full\"><img loading=\"lazy\" width=\"391\" height=\"474\" src=\"https:\/\/gerstex.com\/en\/wp-content\/uploads\/sites\/2\/2022\/04\/1.jpg\" alt=\"\" class=\"wp-image-2246\" srcset=\"https:\/\/gerstex.com\/de\/wp-content\/uploads\/sites\/2\/2022\/04\/1.jpg 391w, https:\/\/gerstex.com\/de\/wp-content\/uploads\/sites\/2\/2022\/04\/1-247x300.jpg 247w\" sizes=\"(max-width: 391px) 100vw, 391px\" \/><figcaption>Ingeborg<\/figcaption><\/figure>\n<\/div>\n\n\n\n<div class=\"wp-block-column is-vertically-aligned-bottom\">\n<figure class=\"wp-block-image size-full german_one\"><img loading=\"lazy\" width=\"391\" height=\"474\" src=\"https:\/\/gerstex.com\/en\/wp-content\/uploads\/sites\/2\/2022\/04\/3.jpg\" alt=\"\" class=\"wp-image-2252\" srcset=\"https:\/\/gerstex.com\/de\/wp-content\/uploads\/sites\/2\/2022\/04\/3.jpg 391w, https:\/\/gerstex.com\/de\/wp-content\/uploads\/sites\/2\/2022\/04\/3-247x300.jpg 247w\" sizes=\"(max-width: 391px) 100vw, 391px\" \/><figcaption>Maren<\/figcaption><\/figure>\n<\/div>\n\n\n\n<div class=\"wp-block-column is-vertically-aligned-bottom\">\n<p class=\"has-small-font-size\">  <span style=\"text-decoration:underline\">F\u00fcr<strong> Asutralia<\/strong><\/span><\/p>\n\n\n\n<figure class=\"wp-block-image size-full\"><img loading=\"lazy\" width=\"391\" height=\"474\" src=\"https:\/\/gerstex.com\/en\/wp-content\/uploads\/sites\/2\/2022\/04\/4.jpg\" alt=\"\" class=\"wp-image-2255\" srcset=\"https:\/\/gerstex.com\/de\/wp-content\/uploads\/sites\/2\/2022\/04\/4.jpg 391w, https:\/\/gerstex.com\/de\/wp-content\/uploads\/sites\/2\/2022\/04\/4-247x300.jpg 247w\" sizes=\"(max-width: 391px) 100vw, 391px\" \/><figcaption>Kasia<\/figcaption><\/figure>\n<\/div>\n\n\n\n<div class=\"wp-block-column is-vertically-aligned-bottom\">\n<p class=\"has-small-font-size\"><span style=\"text-decoration:underline\">F\u00fcr<strong> Korea<\/strong><\/span><\/p>\n\n\n\n<figure class=\"wp-block-image size-full\"><img loading=\"lazy\" width=\"391\" height=\"474\" src=\"https:\/\/gerstex.com\/en\/wp-content\/uploads\/sites\/2\/2022\/04\/5.jpg\" alt=\"\" class=\"wp-image-2258\" srcset=\"https:\/\/gerstex.com\/de\/wp-content\/uploads\/sites\/2\/2022\/04\/5.jpg 391w, https:\/\/gerstex.com\/de\/wp-content\/uploads\/sites\/2\/2022\/04\/5-247x300.jpg 247w\" sizes=\"(max-width: 391px) 100vw, 391px\" \/><figcaption>Jongsun<\/figcaption><\/figure>\n<\/div>\n<\/div>\n\n\n\n<p><\/p>\n<\/div><\/div>\n\n\n\n<div class=\"wp-block-columns\">\n<div class=\"wp-block-column\" style=\"flex-basis:48.2%\"><\/div>\n\n\n\n<div class=\"wp-block-column\"><\/div>\n\n\n\n<div class=\"wp-block-column\">\n<p class=\"has-small-font-size\"><\/p>\n<\/div>\n<\/div>\n\n\n\n<div class=\"wp-block-columns are-vertically-aligned-bottom\">\n<div class=\"wp-block-column is-vertically-aligned-bottom\">\n<p class=\"has-small-font-size\"><span style=\"text-decoration:underline\">F\u00fcr<strong> China<\/strong><\/span><\/p>\n\n\n\n<figure class=\"wp-block-image size-full\"><img loading=\"lazy\" width=\"391\" height=\"474\" src=\"https:\/\/gerstex.com\/en\/wp-content\/uploads\/sites\/2\/2022\/04\/6-1.jpg\" alt=\"\" class=\"wp-image-2261\" srcset=\"https:\/\/gerstex.com\/de\/wp-content\/uploads\/sites\/2\/2022\/04\/6-1.jpg 391w, https:\/\/gerstex.com\/de\/wp-content\/uploads\/sites\/2\/2022\/04\/6-1-247x300.jpg 247w\" sizes=\"(max-width: 391px) 100vw, 391px\" \/><figcaption>Yaru Zhao<\/figcaption><\/figure>\n<\/div>\n\n\n\n<div class=\"wp-block-column is-vertically-aligned-bottom\">\n<figure class=\"wp-block-image size-full china_one\"><img loading=\"lazy\" width=\"391\" height=\"474\" src=\"https:\/\/gerstex.com\/en\/wp-content\/uploads\/sites\/2\/2022\/04\/7.jpg\" alt=\"\" class=\"wp-image-2264\" srcset=\"https:\/\/gerstex.com\/de\/wp-content\/uploads\/sites\/2\/2022\/04\/7.jpg 391w, https:\/\/gerstex.com\/de\/wp-content\/uploads\/sites\/2\/2022\/04\/7-247x300.jpg 247w\" sizes=\"(max-width: 391px) 100vw, 391px\" \/><figcaption>Xingliang Wang<\/figcaption><\/figure>\n<\/div>\n\n\n\n<div class=\"wp-block-column is-vertically-aligned-bottom\">\n<p class=\"has-small-font-size\">  <span style=\"text-decoration:underline\">F\u00fcr<strong> Korea<\/strong><\/span><\/p>\n\n\n\n<figure class=\"wp-block-image size-full\"><img loading=\"lazy\" width=\"391\" height=\"474\" src=\"https:\/\/gerstex.com\/en\/wp-content\/uploads\/sites\/2\/2022\/04\/8.jpg\" alt=\"\" class=\"wp-image-2267\" srcset=\"https:\/\/gerstex.com\/de\/wp-content\/uploads\/sites\/2\/2022\/04\/8.jpg 391w, https:\/\/gerstex.com\/de\/wp-content\/uploads\/sites\/2\/2022\/04\/8-247x300.jpg 247w\" sizes=\"(max-width: 391px) 100vw, 391px\" \/><figcaption>Minji<\/figcaption><\/figure>\n<\/div>\n\n\n\n<div class=\"wp-block-column is-vertically-aligned-bottom\"><\/div>\n<\/div>\n\n\n\n<div style=\"height:30px\" aria-hidden=\"true\" class=\"wp-block-spacer\"><\/div>\n\n\n\n<p class=\"has-text-align-center has-normal-font-size\"><strong>Partnerunternehmen, die mit dem German Student Exchange zusammenarbeiten. <\/strong><img class=\"wp-image-491\" style=\"width: 200px\" src=\"http:\/\/gerstex.com\/en\/wp-content\/uploads\/sites\/2\/2020\/10\/ebb9a8eab084ec84a0.png\" alt=\"\"><\/p>\n\n\n\n<hr class=\"wp-block-separator has-text-color has-background is-style-default\" style=\"background-color:#ba1b12;color:#ba1b12\"\/>\n\n\n\n<figure class=\"wp-block-image alignwide size-full is-style-default\"><img loading=\"lazy\" width=\"543\" height=\"466\" src=\"https:\/\/gerstex.com\/en\/wp-content\/uploads\/sites\/2\/2022\/04\/\uc0ac\ub78c\ub4e45.jpg\" alt=\"\" class=\"wp-image-2243\" srcset=\"https:\/\/gerstex.com\/de\/wp-content\/uploads\/sites\/2\/2022\/04\/\uc0ac\ub78c\ub4e45.jpg 543w, https:\/\/gerstex.com\/de\/wp-content\/uploads\/sites\/2\/2022\/04\/\uc0ac\ub78c\ub4e45-300x257.jpg 300w\" sizes=\"(max-width: 543px) 100vw, 543px\" \/><\/figure>\n\n\n\n<div class=\"wp-block-columns alignfull re-block has-background\" style=\"background-color:#202020\">\n<div class=\"wp-block-column\" style=\"flex-basis:5%\"><\/div>\n\n\n\n<div class=\"wp-block-column is-vertically-aligned-center\" style=\"flex-basis:20%\">\n<div class=\"wp-block-image\"><figure class=\"alignleft size-full\"><img loading=\"lazy\" width=\"120\" height=\"90\" src=\"https:\/\/gerstex.com\/en\/wp-content\/uploads\/sites\/2\/2022\/04\/Logo_white-1.png\" alt=\"\" class=\"wp-image-2345\"\/><\/figure><\/div>\n<\/div>\n\n\n\n<div class=\"wp-block-column is-vertically-aligned-center re-blcok-contact\" style=\"flex-basis:75%\">\n<p class=\"has-text-align-right has-background-color has-text-color has-small-font-size\">\u2022<strong> Kontakt<\/strong><br>Adresse : An der Eiche 14, 25421<br>Pinneberg Germany<br>Phone : +49 4101 6976439<br>E-Mail : info@gerstex.com<br>Web : www.gerstex.com\/de<\/p>\n<\/div>\n\n\n\n<div class=\"wp-block-column\" style=\"flex-basis:5%\">\n<div style=\"height:\" aria-hidden=\"true\" class=\"wp-block-spacer\"><\/div>\n<\/div>\n<\/div>\n\n\n\n<div class=\"wp-block-columns alignfull re-block has-background-color has-black-background-color has-text-color has-background\">\n<div class=\"wp-block-column\" style=\"flex-basis:5%\">\n<div style=\"height:10px\" aria-hidden=\"true\" class=\"wp-block-spacer\"><\/div>\n<\/div>\n\n\n\n<div class=\"wp-block-column has-background-color has-text-color\">\n<p class=\"has-text-align-left\" style=\"font-size:1em\">\u00a9 COPYRIGHT GERSTEX.COM<\/p>\n<\/div>\n\n\n\n<div class=\"wp-block-column\">\n<div style=\"height:10px\" aria-hidden=\"true\" class=\"wp-block-spacer\"><\/div>\n<\/div>\n\n\n\n<div class=\"wp-block-column has-background-color has-text-color\">\n<p class=\"has-text-align-right color: white has-background-color has-text-color\" style=\"font-size:1em\"><a href=\"https:\/\/gerstex.com\/de\/imprint\/\" data-type=\"page\" style=\"color: white;\">IMPRESSUM<\/a>  <\/p>\n<\/div>\n\n\n\n<div class=\"wp-block-column\" style=\"flex-basis:160px\">\n<p class=\"has-text-align-right has-background-color has-text-color\" style=\"font-size:1em\"><a href=\"https:\/\/gerstex.com\/de\/datenschutz\/\" data-type=\"page\" style=\"color: white;\">DATENSCHUTZ<\/a><\/p>\n<\/div>\n\n\n\n<div class=\"wp-block-column\" style=\"flex-basis:5%\">\n<div style=\"height:10px\" aria-hidden=\"true\" class=\"wp-block-spacer\"><\/div>\n<\/div>\n<\/div>\n","protected":false},"excerpt":{"rendered":"<p>German Student Exchange, das sind wir! CEO Gast Familie f\u00fcr Deutschland F\u00fcr Asutralia F\u00fcr Korea F\u00fcr China F\u00fcr Korea Partnerunternehmen, die mit dem German Student Exchange zusammenarbeiten.<\/p>\n","protected":false},"author":1,"featured_media":0,"parent":0,"menu_order":0,"comment_status":"closed","ping_status":"closed","template":"","meta":{"ngg_post_thumbnail":0},"_links":{"self":[{"href":"https:\/\/gerstex.com\/de\/wp-json\/wp\/v2\/pages\/974"}],"collection":[{"href":"https:\/\/gerstex.com\/de\/wp-json\/wp\/v2\/pages"}],"about":[{"href":"https:\/\/gerstex.com\/de\/wp-json\/wp\/v2\/types\/page"}],"author":[{"embeddable":true,"href":"https:\/\/gerstex.com\/de\/wp-json\/wp\/v2\/users\/1"}],"replies":[{"embeddable":true,"href":"https:\/\/gerstex.com\/de\/wp-json\/wp\/v2\/comments?post=974"}],"version-history":[{"count":2,"href":"https:\/\/gerstex.com\/de\/wp-json\/wp\/v2\/pages\/974\/revisions"}],"predecessor-version":[{"id":2689,"href":"https:\/\/gerstex.com\/de\/wp-json\/wp\/v2\/pages\/974\/revisions\/2689"}],"wp:attachment":[{"href":"https:\/\/gerstex.com\/de\/wp-json\/wp\/v2\/media?parent=974"}],"curies":[{"name":"wp","href":"https:\/\/api.w.org\/{rel}","templated":true}]}}