{"id":61,"date":"2016-07-24T12:14:11","date_gmt":"2016-07-24T12:14:11","guid":{"rendered":"http:\/\/gerstex.com\/en\/?page_id=61"},"modified":"2022-04-05T05:37:51","modified_gmt":"2022-04-04T20:37:51","slug":"high-school","status":"publish","type":"page","link":"https:\/\/gerstex.com\/de\/high-school\/","title":{"rendered":"School"},"content":{"rendered":"\n<div class=\"wp-block-cover alignfull\"><span aria-hidden=\"true\" class=\"has-background-dim-60 wp-block-cover__gradient-background has-background-dim\"><\/span><img class=\"wp-block-cover__image-background wp-image-524\" alt=\"\" src=\"https:\/\/gers543843966.files.wordpress.com\/2020\/10\/photo-1581078426770-6d336e5de7bf.jpg\" data-object-fit=\"cover\"\/><div class=\"wp-block-cover__inner-container\">\n<div style=\"height:46px\" aria-hidden=\"true\" class=\"wp-block-spacer\"><\/div>\n\n\n\n<p class=\"has-text-align-center\" style=\"font-size:28px\">Schule <mark style=\"background-color:rgba(0, 0, 0, 0);color:#a30004\" class=\"has-inline-color\"><strong><mark style=\"background-color:rgba(0, 0, 0, 0);color:#a30003\" class=\"has-inline-color\"><strong><mark style=\"background-color:rgba(0, 0, 0, 0);color:#a30004\" class=\"has-inline-color\"><strong><mark style=\"background-color:rgba(0, 0, 0, 0);color:#a30003\" class=\"has-inline-color\"><strong><mark style=\"background-color:rgba(0, 0, 0, 0);color:#a30004\" class=\"has-inline-color\"><strong><mark style=\"background-color:rgba(0, 0, 0, 0);color:#a30003\" class=\"has-inline-color\"><strong><mark style=\"background-color:rgba(0, 0, 0, 0);color:#a30004\" class=\"has-inline-color\"><strong><mark style=\"background-color:rgba(0, 0, 0, 0);color:#a30003\" class=\"has-inline-color\"><strong>\u2022<\/strong><\/mark><\/strong><\/mark><\/strong><\/mark><\/strong><\/mark><\/strong><\/mark><\/strong><\/mark><\/strong><\/mark><\/strong><\/mark><\/p>\n\n\n\n<div style=\"height:46px\" aria-hidden=\"true\" class=\"wp-block-spacer\"><\/div>\n\n\n\n<p class=\"has-text-align-center\" style=\"font-size:17px\"><\/p>\n\n\n\n<div style=\"height:26px\" aria-hidden=\"true\" class=\"wp-block-spacer\"><\/div>\n\n\n\n<p class=\"has-text-align-center\"> <\/p>\n<\/div><\/div>\n\n\n\n<p class=\"has-text-align-center\" style=\"font-size:16px\">Ein Auslandsaufenthalt in Form eines Sch\u00fcleraustauschs, eines Studiums oder Ausbildung geh\u00f6rt zu den einschneidenden Erlebnissen im Leben und diese Erfahrung w\u00e4hrt ein Leben lang und er\u00f6ffnet ein Lebensgef\u00fchl der Superlative.<br>Das Wissen \u201eman hat es geschafft\u201c versetzt Berge, befl\u00fcgelt, vermittelt eine unglaubliche innere St\u00e4rke und birgt nicht zuletzt das Gef\u00fchl, dass nichts unm\u00f6glich ist.<br>Unsere Aufgabe ist es dies zu erreichen, indem wir M\u00f6glichkeitenaufweisen, indem wir uns individuell mit euren W\u00fcnschen auseinandersetzen und euch auf eurem Weg begleiten.<br>Unser Ziel ist es eure Auslandserfahrung zu einem der positivsten Erfahrungen eures Lebens werden zu lassen. Schulsuche und Einschreibung, Internat oder Gastfamilie, Bewerbung f\u00fcr Universit\u00e4t oder Ausbildung, Unterkunft, Visa, Flughafenservice u.v.m. d\u00fcrft  ihr von uns erwarten und selbstverst\u00e4ndlich sind wir auch noch da, wenn euer Abenteuer bereits im vollen Gange ist.<\/p>\n\n\n\n<div style=\"height:55px\" aria-hidden=\"true\" class=\"wp-block-spacer\"><\/div>\n\n\n\n<p class=\"has-text-align-center\" style=\"font-size:22px\"><strong>Allgeminbildende Schule<\/strong><\/p>\n\n\n\n<hr class=\"wp-block-separator has-text-color has-background is-style-default\" style=\"background-color:#ba1b21;color:#ba1b21\"\/>\n\n\n\n<p class=\"has-text-align-center\" style=\"font-size:16px\">Wir erm\u00f6glichen euch den Besuch einer \u00f6ffentlichen, privaten oder internationalen Schule.<br>Je nach Wunsch darf man sich auf die Unterbringung in einer netten deutschsprachigen<br>Gastfamilie freuen oder \u00fcber die Internatsunterbringung<\/p>\n\n\n\n<div class=\"wp-block-columns alignfull are-vertically-aligned-center has-background\" style=\"background-color:#d6d6d6\">\n<div class=\"wp-block-column\" style=\"flex-basis:33%\">\n<div style=\"height:100px\" aria-hidden=\"true\" class=\"wp-block-spacer\"><\/div>\n<\/div>\n\n\n\n<div class=\"wp-block-column is-vertically-aligned-center\">\n<div style=\"height:50px\" aria-hidden=\"true\" class=\"wp-block-spacer\"><\/div>\n\n\n\n<p class=\"has-text-align-center\" style=\"font-size:22px\"><strong>Das deutsche Schulsystem<\/strong><\/p>\n\n\n\n<hr class=\"wp-block-separator has-text-color has-background is-style-default\" style=\"background-color:#ba1b21;color:#ba1b21\"\/>\n\n\n\n<p class=\"has-text-align-left\" style=\"font-size:16px\">wurde vor einigen Jahren reformiert. Das Grundger\u00fcst des deutschen Bildungssystems<br>jedoch hat nach wie vor Bestand und stellt sich wie folgt dar:<br><\/p>\n\n\n\n<p class=\"has-text-align-left\" style=\"font-size:16px\">Grundschule Klasse 1-4<br><strong>Weiterf\u00fchrende Schulen:<\/strong><br>Hauptschule Klasse 5-9        &#8211;        erster allgemeinbildender Schulabschluss<br>Realschule Klasse 5\u201310          &#8211;        mittlerer Bildungsabschluss<br>Gymnasium Klasse 5-12\/13   &#8211;        Abitur<br>Gesamtschule Klasse 5-13     &#8211;        alle 3 Schulabschl\u00fcsse m\u00f6glich<\/p>\n\n\n\n<div style=\"height:50px\" aria-hidden=\"true\" class=\"wp-block-spacer\"><\/div>\n<\/div>\n\n\n\n<div class=\"wp-block-column\" style=\"flex-basis:33%\">\n<div style=\"height:100px\" aria-hidden=\"true\" class=\"wp-block-spacer\"><\/div>\n<\/div>\n<\/div>\n\n\n\n<div class=\"wp-block-columns alignfull are-vertically-aligned-center has-background\" style=\"background-color:#c8c8c8\">\n<div class=\"wp-block-column\" style=\"flex-basis:33%\">\n<div style=\"height:100px\" aria-hidden=\"true\" class=\"wp-block-spacer\"><\/div>\n<\/div>\n\n\n\n<div class=\"wp-block-column is-vertically-aligned-center\">\n<div style=\"height:50px\" aria-hidden=\"true\" class=\"wp-block-spacer\"><\/div>\n\n\n\n<p class=\"has-text-align-center\" style=\"font-size:22px\"><strong>Voraussetzungen<\/strong><\/p>\n\n\n\n<hr class=\"wp-block-separator has-text-color has-background is-style-default\" style=\"background-color:#ba1b21;color:#ba1b21\"\/>\n\n\n\n<p style=\"font-size:16px\">\u2022 Mindestalter 14 Jahre<br>\u2022 Besuch ab Klassenstufe 9<br>\u2022 Deutsch-Niveau B2<br><\/p>\n\n\n\n<p class=\"has-text-color has-normal-font-size\" style=\"color:#bc1b23\"><strong>Du erf\u00fcllst nicht alle Voraussetzungen?<\/strong><\/p>\n\n\n\n<p class=\"has-primary-color has-text-color\" style=\"font-size:16px\"><strong>\u2022 Ich bin j\u00fcnger als 14 Jahre!<\/strong><br>Du bist noch sehr jung und wir sind der \u00dcberzeugung, dass du noch ein bisschen Zeit<br>mit deiner Familie verbringen solltest.<br>Sobald du alt genug bist, freuen wir uns sehr dich bei deinen Tr\u00e4umen zu unterst\u00fctzen.<br>Nat\u00fcrlich kannst du uns auch bis dahin gern alles fragen was du wissen m\u00f6chtest.<\/p>\n\n\n\n<p class=\"has-primary-color has-text-color\" style=\"font-size:16px\"><strong>\u2022 Ich m\u00f6chte eine andere Klassenstufe besuchen!<\/strong><br>Vorausgesetzt du bist mindestens 14 Jahre alt, ist auch der Besuch ab Klasse 8 in<br>Ausnahmef\u00e4llen m\u00f6glich, ebenso wie der Besuch ab Klasse 10. Individuelle L\u00f6sungen<br>sind in den meisten F\u00e4llen durchaus m\u00f6glich.<\/p>\n\n\n\n<p class=\"has-primary-color has-text-color\" style=\"font-size:16px\"><strong>\u2022 Ich habe nicht das erforderliche Sprachniveau!<\/strong><br>Auch hier k\u00f6nnen wir dich unterst\u00fctzen bspw. durch einen vorgelagerten Sprachkurs.<\/p>\n\n\n\n<div style=\"height:50px\" aria-hidden=\"true\" class=\"wp-block-spacer\"><\/div>\n<\/div>\n\n\n\n<div class=\"wp-block-column\" style=\"flex-basis:33%\">\n<div style=\"height:100px\" aria-hidden=\"true\" class=\"wp-block-spacer\"><\/div>\n<\/div>\n<\/div>\n\n\n\n<p class=\"has-text-align-center\" style=\"font-size:22px\"><strong>Unser Service<\/strong><\/p>\n\n\n\n<hr class=\"wp-block-separator has-text-color has-background is-style-default\" style=\"background-color:#ba1b21;color:#ba1b21\"\/>\n\n\n\n<div class=\"wp-block-media-text alignfull is-stacked-on-mobile is-image-fill has-background\" style=\"background-color:#ba1b21\"><figure class=\"wp-block-media-text__media\" style=\"background-image:url(https:\/\/gers543843966.files.wordpress.com\/2020\/10\/photo-1499083097717-a156f85f0516.jpg?w=751);background-position:50% 50%\"><img src=\"https:\/\/gers543843966.files.wordpress.com\/2020\/10\/photo-1499083097717-a156f85f0516.jpg?w=751\" alt=\"\" class=\"wp-image-541 size-full\"\/><\/figure><div class=\"wp-block-media-text__content\">\n<div style=\"height:100px\" aria-hidden=\"true\" class=\"wp-block-spacer\"><\/div>\n\n\n\n<p class=\"has-background-color has-text-color has-normal-font-size\">\u2022 Schulsuche und Anmeldung<br>\u2022 Internatsanmeldung<br>\u2022 Gastfamilie<br>\u2022 24\/7 Notfall-Hotline<br>\u2022 u.v.m.<\/p>\n\n\n\n<div style=\"height:100px\" aria-hidden=\"true\" class=\"wp-block-spacer\"><\/div>\n<\/div><\/div>\n\n\n\n<div class=\"wp-block-columns alignfull re-block has-background\" style=\"background-color:#202020\">\n<div class=\"wp-block-column\" style=\"flex-basis:5%\"><\/div>\n\n\n\n<div class=\"wp-block-column is-vertically-aligned-center\" style=\"flex-basis:20%\">\n<div class=\"wp-block-image\"><figure class=\"alignleft size-full\"><img loading=\"lazy\" width=\"120\" height=\"90\" src=\"https:\/\/gerstex.com\/en\/wp-content\/uploads\/sites\/2\/2022\/04\/Logo_white-1.png\" alt=\"\" class=\"wp-image-2345\"\/><\/figure><\/div>\n<\/div>\n\n\n\n<div class=\"wp-block-column is-vertically-aligned-center re-blcok-contact\" style=\"flex-basis:75%\">\n<p class=\"has-text-align-right has-background-color has-text-color has-small-font-size\">\u2022<strong> Kontakt<\/strong><br>Adresse : An der Eiche 14, 25421<br>Pinneberg Germany<br>Phone : +49 4101 6976439<br>E-Mail : info@gerstex.com<br>Web : www.gerstex.com\/de<\/p>\n<\/div>\n\n\n\n<div class=\"wp-block-column\" style=\"flex-basis:5%\">\n<div style=\"height:\" aria-hidden=\"true\" class=\"wp-block-spacer\"><\/div>\n<\/div>\n<\/div>\n\n\n\n<div class=\"wp-block-columns alignfull re-block has-background-color has-black-background-color has-text-color has-background\">\n<div class=\"wp-block-column\" style=\"flex-basis:5%\">\n<div style=\"height:10px\" aria-hidden=\"true\" class=\"wp-block-spacer\"><\/div>\n<\/div>\n\n\n\n<div class=\"wp-block-column has-background-color has-text-color\">\n<p class=\"has-text-align-left\" style=\"font-size:1em\">\u00a9 COPYRIGHT GERSTEX.COM<\/p>\n<\/div>\n\n\n\n<div class=\"wp-block-column\">\n<div style=\"height:10px\" aria-hidden=\"true\" class=\"wp-block-spacer\"><\/div>\n<\/div>\n\n\n\n<div class=\"wp-block-column has-background-color has-text-color\">\n<p class=\"has-text-align-right color: white has-background-color has-text-color\" style=\"font-size:1em\"><a href=\"https:\/\/gerstex.com\/de\/imprint\/\" data-type=\"page\" style=\"color: white;\">IMPRESSUM<\/a>  <\/p>\n<\/div>\n\n\n\n<div class=\"wp-block-column\" style=\"flex-basis:160px\">\n<p class=\"has-text-align-right has-background-color has-text-color\" style=\"font-size:1em\"><a href=\"https:\/\/gerstex.com\/de\/datenschutz\/\" data-type=\"page\" style=\"color: white;\">DATENSCHUTZ<\/a><\/p>\n<\/div>\n\n\n\n<div class=\"wp-block-column\" style=\"flex-basis:5%\">\n<div style=\"height:10px\" aria-hidden=\"true\" class=\"wp-block-spacer\"><\/div>\n<\/div>\n<\/div>\n","protected":false},"excerpt":{"rendered":"<p>Ein Auslandsaufenthalt in Form eines Sch\u00fcleraustauschs, eines Studiums oder Ausbildung geh\u00f6rt zu den einschneidenden Erlebnissen im Leben und diese Erfahrung w\u00e4hrt ein Leben lang und er\u00f6ffnet ein Lebensgef\u00fchl der Superlative.Das Wissen \u201eman hat es geschafft\u201c versetzt Berge, befl\u00fcgelt, vermittelt eine unglaubliche innere St\u00e4rke und birgt nicht zuletzt das Gef\u00fchl, dass nichts unm\u00f6glich ist.Unsere Aufgabe ist<a class=\"more-link\" href=\"https:\/\/gerstex.com\/de\/high-school\/\"><span class=\"screen-reader-text\">&#8220;School&#8221;<\/span> \uacc4\uc18d \uc77d\uae30<\/a><\/p>\n","protected":false},"author":1,"featured_media":0,"parent":0,"menu_order":0,"comment_status":"closed","ping_status":"closed","template":"","meta":{"ngg_post_thumbnail":0},"_links":{"self":[{"href":"https:\/\/gerstex.com\/de\/wp-json\/wp\/v2\/pages\/61"}],"collection":[{"href":"https:\/\/gerstex.com\/de\/wp-json\/wp\/v2\/pages"}],"about":[{"href":"https:\/\/gerstex.com\/de\/wp-json\/wp\/v2\/types\/page"}],"author":[{"embeddable":true,"href":"https:\/\/gerstex.com\/de\/wp-json\/wp\/v2\/users\/1"}],"replies":[{"embeddable":true,"href":"https:\/\/gerstex.com\/de\/wp-json\/wp\/v2\/comments?post=61"}],"version-history":[{"count":5,"href":"https:\/\/gerstex.com\/de\/wp-json\/wp\/v2\/pages\/61\/revisions"}],"predecessor-version":[{"id":2595,"href":"https:\/\/gerstex.com\/de\/wp-json\/wp\/v2\/pages\/61\/revisions\/2595"}],"wp:attachment":[{"href":"https:\/\/gerstex.com\/de\/wp-json\/wp\/v2\/media?parent=61"}],"curies":[{"name":"wp","href":"https:\/\/api.w.org\/{rel}","templated":true}]}}