{"id":423,"date":"2016-07-24T12:14:52","date_gmt":"2016-07-24T03:14:52","guid":{"rendered":"http:\/\/gerstex.com\/en\/en\/?page_id=65"},"modified":"2022-04-05T05:57:47","modified_gmt":"2022-04-04T20:57:47","slug":"vocational-training","status":"publish","type":"page","link":"https:\/\/gerstex.com\/de\/vocational-training\/","title":{"rendered":"Vocational Training"},"content":{"rendered":"\n<div class=\"wp-block-cover alignfull\" style=\"min-height:608px\"><span aria-hidden=\"true\" class=\"has-primary-background-color wp-block-cover__gradient-background has-background-dim\"><\/span><img loading=\"lazy\" width=\"750\" height=\"500\" class=\"wp-block-cover__image-background wp-image-2357\" alt=\"\" src=\"https:\/\/gerstex.com\/en\/wp-content\/uploads\/sites\/2\/2022\/04\/photo-1455165814004-1126a7199f9b.jpg\" data-object-fit=\"cover\" srcset=\"https:\/\/gerstex.com\/de\/wp-content\/uploads\/sites\/2\/2022\/04\/photo-1455165814004-1126a7199f9b.jpg 750w, https:\/\/gerstex.com\/de\/wp-content\/uploads\/sites\/2\/2022\/04\/photo-1455165814004-1126a7199f9b-300x200.jpg 300w\" sizes=\"(max-width: 750px) 100vw, 750px\" \/><div class=\"wp-block-cover__inner-container\">\n<div style=\"height:200px\" aria-hidden=\"true\" class=\"wp-block-spacer\"><\/div>\n\n\n\n<p class=\"has-text-align-center\" style=\"font-size:28px\">Berufsausbildung <mark style=\"background-color:rgba(0, 0, 0, 0);color:#a30004\" class=\"has-inline-color\"><strong><mark style=\"background-color:rgba(0, 0, 0, 0);color:#a30003\" class=\"has-inline-color\"><strong><mark style=\"background-color:rgba(0, 0, 0, 0);color:#a30004\" class=\"has-inline-color\"><strong><mark style=\"background-color:rgba(0, 0, 0, 0);color:#a30003\" class=\"has-inline-color\"><strong>\u2022<\/strong><\/mark><\/strong><\/mark><\/strong><\/mark><\/strong><\/mark><\/p>\n\n\n\n<div style=\"height:200px\" aria-hidden=\"true\" class=\"wp-block-spacer\"><\/div>\n<\/div><\/div>\n\n\n\n<p class=\"has-text-align-center has-text-color\" style=\"color:#ba1b21;font-size:20px\"><strong>Eine mehrj\u00e4hrige Berufsausbildung in einem anerkannten Ausbildungsberuf deiner Wahl.<\/strong><\/p>\n\n\n\n<div class=\"wp-block-columns alignfull are-vertically-aligned-center\">\n<div class=\"wp-block-column is-vertically-aligned-center\">\n<figure class=\"wp-block-image alignfull size-full\"><img loading=\"lazy\" width=\"400\" height=\"267\" src=\"https:\/\/gerstex.com\/en\/wp-content\/uploads\/sites\/2\/2022\/04\/home-image-ausbildung-400x267-1.jpg\" alt=\"\" class=\"wp-image-2299\" srcset=\"https:\/\/gerstex.com\/de\/wp-content\/uploads\/sites\/2\/2022\/04\/home-image-ausbildung-400x267-1.jpg 400w, https:\/\/gerstex.com\/de\/wp-content\/uploads\/sites\/2\/2022\/04\/home-image-ausbildung-400x267-1-300x200.jpg 300w\" sizes=\"(max-width: 400px) 100vw, 400px\" \/><\/figure>\n<\/div>\n\n\n\n<div class=\"wp-block-column is-vertically-aligned-center\">\n<figure class=\"wp-block-image alignfull size-full\"><img loading=\"lazy\" width=\"400\" height=\"267\" src=\"https:\/\/gerstex.com\/en\/wp-content\/uploads\/sites\/2\/2022\/04\/iStock_000014497921_XXXLarge-e1467872280284.jpg\" alt=\"\" class=\"wp-image-2332\" srcset=\"https:\/\/gerstex.com\/de\/wp-content\/uploads\/sites\/2\/2022\/04\/iStock_000014497921_XXXLarge-e1467872280284.jpg 400w, https:\/\/gerstex.com\/de\/wp-content\/uploads\/sites\/2\/2022\/04\/iStock_000014497921_XXXLarge-e1467872280284-300x200.jpg 300w\" sizes=\"(max-width: 400px) 100vw, 400px\" \/><\/figure>\n<\/div>\n\n\n\n<div class=\"wp-block-column is-vertically-aligned-center\">\n<figure class=\"wp-block-image alignfull size-full\"><img loading=\"lazy\" width=\"398\" height=\"267\" src=\"https:\/\/gerstex.com\/en\/wp-content\/uploads\/sites\/2\/2022\/04\/iStock_000023864573_Full-e1467897083876-400x267-1.jpg\" alt=\"\" class=\"wp-image-2335\" srcset=\"https:\/\/gerstex.com\/de\/wp-content\/uploads\/sites\/2\/2022\/04\/iStock_000023864573_Full-e1467897083876-400x267-1.jpg 398w, https:\/\/gerstex.com\/de\/wp-content\/uploads\/sites\/2\/2022\/04\/iStock_000023864573_Full-e1467897083876-400x267-1-300x201.jpg 300w\" sizes=\"(max-width: 398px) 100vw, 398px\" \/><\/figure>\n<\/div>\n<\/div>\n\n\n\n<p class=\"has-text-align-center\" style=\"font-size:17px\"><br><\/p>\n\n\n\n<p class=\"has-text-align-center\" style=\"font-size:17px\">Die Berufsausbildung in Deutschland ist hochqualifiziert und eine nicht zu untersch\u00e4tzende ad\u00e4quate Alternative zum Studium. Wer keinenakademischen Grad anstrebt und nach der Schule lieber sofort ins aktive Berufsleben einsteigen m\u00f6chte ist gut mit einer der vielen und \u00fcberausqualifizierten Ausbildungsberufe beraten.<br>Neben allen handwerklichen Berufen werden ebenfalls die kaufm\u00e4nnischen<br>ebenso wie die meistenBerufe im sozialen Bereich \u00fcber Berufsausbildungen abgedeckt. Eine Ausbildung in Deutschland dauert, je nach Beruf und Schulabschluss zumeist3 Jahre, w\u00e4hrend der man abwechselnd direkt im Betrieb mit der aktiven Arbeit in Zusammenarbeit mit einem Ausbilder betraut ist sowie f\u00fcr festgesetzte Zeitr\u00e4ume zur Schule gehen muss. Zur Mitte der Ausbildung legt man eine Zwischenpr\u00fcfung ab und zum Ende eine Abschlusspr\u00fcfung vor der entsprechenden Handwerks- oder Handelskammer.<br>Wie beim Studium so gilt ebenfalls bei der Berufsausbildung, dass ein gewisses und nicht zu geringes Ma\u00df an deutscher Sprache erforderlich ist. Der zu erbringende Nachweis hier\u00fcber ebenso wie das Ma\u00df der Kenntnisse ist abh\u00e4ngig vom jeweiligen Berufsbild und Ausbildungsbetrieb.<\/p>\n\n\n\n<p style=\"font-size:17px\">.<\/p>\n\n\n\n<p class=\"has-text-align-center\" style=\"font-size:22px\"><strong>Unser Service<\/strong><\/p>\n\n\n\n<hr class=\"wp-block-separator has-text-color has-background is-style-default\" style=\"background-color:#ba1b21;color:#ba1b21\"\/>\n\n\n\n<div class=\"wp-block-media-text alignfull is-stacked-on-mobile is-image-fill has-background-color has-text-color has-background has-foreground-background-color has-background\" style=\"grid-template-columns:35% auto\"><figure class=\"wp-block-media-text__media\" style=\"background-image:url(https:\/\/gerstex.com\/en\/wp-content\/uploads\/sites\/2\/2022\/04\/photo-1565044512849-f43c3df8f5a1.jpg);background-position:50% 50%\"><img loading=\"lazy\" width=\"667\" height=\"500\" src=\"https:\/\/gerstex.com\/en\/wp-content\/uploads\/sites\/2\/2022\/04\/photo-1565044512849-f43c3df8f5a1.jpg\" alt=\"\" class=\"wp-image-2375 size-full\" srcset=\"https:\/\/gerstex.com\/de\/wp-content\/uploads\/sites\/2\/2022\/04\/photo-1565044512849-f43c3df8f5a1.jpg 667w, https:\/\/gerstex.com\/de\/wp-content\/uploads\/sites\/2\/2022\/04\/photo-1565044512849-f43c3df8f5a1-300x225.jpg 300w\" sizes=\"(max-width: 667px) 100vw, 667px\" \/><\/figure><div class=\"wp-block-media-text__content\">\n<div style=\"height:50px\" aria-hidden=\"true\" class=\"wp-block-spacer\"><\/div>\n\n\n\n<p class=\"has-background-color has-text-color\"><strong><strong><strong><strong><mark style=\"background-color:rgba(0, 0, 0, 0)\" class=\"has-inline-color has-background-color\">\u2022<\/mark><\/strong><\/strong><\/strong><\/strong> Information von Ausbildungsberufen<br><strong><strong><strong><strong><mark style=\"background-color:rgba(0, 0, 0, 0)\" class=\"has-inline-color has-background-color\">\u2022<\/mark><\/strong><\/strong><\/strong><\/strong> Information \u00fcber die Voraussetzungen<br><strong><strong><strong><strong><mark style=\"background-color:rgba(0, 0, 0, 0)\" class=\"has-inline-color has-background-color\">\u2022<\/mark><\/strong><\/strong><\/strong><\/strong> Unterst\u00fctzung und Hilfe bei der Bewerbung<br><strong><strong><strong><strong><mark style=\"background-color:rgba(0, 0, 0, 0)\" class=\"has-inline-color has-background-color\">\u2022<\/mark><\/strong><\/strong><\/strong><\/strong> Anmeldung zum Sprachkurs<br><strong><strong><strong><strong><mark style=\"background-color:rgba(0, 0, 0, 0)\" class=\"has-inline-color has-background-color\">\u2022<\/mark><\/strong><\/strong><\/strong><\/strong> Wohnungssuche<br><strong><strong><strong><strong><mark style=\"background-color:rgba(0, 0, 0, 0)\" class=\"has-inline-color has-background-color\">\u2022<\/mark><\/strong><\/strong><\/strong><\/strong> Anmeldung und Registrierung<br><strong><strong><strong><strong><mark style=\"background-color:rgba(0, 0, 0, 0)\" class=\"has-inline-color has-background-color\">\u2022<\/mark><\/strong><\/strong><\/strong><\/strong> Unterst\u00fctzung bei Kontener\u00f6ffnung, Telefonvertr\u00e4gen etc.<\/p>\n\n\n\n<div style=\"height:50px\" aria-hidden=\"true\" class=\"wp-block-spacer\"><\/div>\n<\/div><\/div>\n\n\n\n<div class=\"wp-block-columns alignfull re-block has-background\" style=\"background-color:#202020\">\n<div class=\"wp-block-column\" style=\"flex-basis:5%\"><\/div>\n\n\n\n<div class=\"wp-block-column is-vertically-aligned-center\" style=\"flex-basis:20%\">\n<div class=\"wp-block-image\"><figure class=\"alignleft size-full\"><img loading=\"lazy\" width=\"120\" height=\"90\" src=\"https:\/\/gerstex.com\/en\/wp-content\/uploads\/sites\/2\/2022\/04\/Logo_white-1.png\" alt=\"\" class=\"wp-image-2345\"\/><\/figure><\/div>\n<\/div>\n\n\n\n<div class=\"wp-block-column is-vertically-aligned-center re-blcok-contact\" style=\"flex-basis:75%\">\n<p class=\"has-text-align-right has-background-color has-text-color has-small-font-size\">\u2022<strong> Kontakt<\/strong><br>Adresse : An der Eiche 14, 25421<br>Pinneberg Germany<br>Phone : +49 4101 6976439<br>E-Mail : info@gerstex.com<br>Web : www.gerstex.com\/de<\/p>\n<\/div>\n\n\n\n<div class=\"wp-block-column\" style=\"flex-basis:5%\">\n<div style=\"height:\" aria-hidden=\"true\" class=\"wp-block-spacer\"><\/div>\n<\/div>\n<\/div>\n\n\n\n<div class=\"wp-block-columns alignfull re-block has-background-color has-black-background-color has-text-color has-background\">\n<div class=\"wp-block-column\" style=\"flex-basis:5%\">\n<div style=\"height:10px\" aria-hidden=\"true\" class=\"wp-block-spacer\"><\/div>\n<\/div>\n\n\n\n<div class=\"wp-block-column has-background-color has-text-color\">\n<p class=\"has-text-align-left\" style=\"font-size:1em\">\u00a9 COPYRIGHT GERSTEX.COM<\/p>\n<\/div>\n\n\n\n<div class=\"wp-block-column\">\n<div style=\"height:10px\" aria-hidden=\"true\" class=\"wp-block-spacer\"><\/div>\n<\/div>\n\n\n\n<div class=\"wp-block-column has-background-color has-text-color\">\n<p class=\"has-text-align-right color: white has-background-color has-text-color\" style=\"font-size:1em\"><a href=\"https:\/\/gerstex.com\/de\/imprint\/\" data-type=\"page\" style=\"color: white;\">IMPRESSUM<\/a>  <\/p>\n<\/div>\n\n\n\n<div class=\"wp-block-column\" style=\"flex-basis:160px\">\n<p class=\"has-text-align-right has-background-color has-text-color\" style=\"font-size:1em\"><a href=\"https:\/\/gerstex.com\/de\/datenschutz\/\" data-type=\"page\" style=\"color: white;\">DATENSCHUTZ<\/a><\/p>\n<\/div>\n\n\n\n<div class=\"wp-block-column\" style=\"flex-basis:5%\">\n<div style=\"height:10px\" aria-hidden=\"true\" class=\"wp-block-spacer\"><\/div>\n<\/div>\n<\/div>\n","protected":false},"excerpt":{"rendered":"<p>Eine mehrj\u00e4hrige Berufsausbildung in einem anerkannten Ausbildungsberuf deiner Wahl. Die Berufsausbildung in Deutschland ist hochqualifiziert und eine nicht zu untersch\u00e4tzende ad\u00e4quate Alternative zum Studium. Wer keinenakademischen Grad anstrebt und nach der Schule lieber sofort ins aktive Berufsleben einsteigen m\u00f6chte ist gut mit einer der vielen und \u00fcberausqualifizierten Ausbildungsberufe beraten.Neben allen handwerklichen Berufen werden ebenfalls die<a class=\"more-link\" href=\"https:\/\/gerstex.com\/de\/vocational-training\/\"><span class=\"screen-reader-text\">&#8220;Vocational Training&#8221;<\/span> \uacc4\uc18d \uc77d\uae30<\/a><\/p>\n","protected":false},"author":1,"featured_media":0,"parent":0,"menu_order":0,"comment_status":"closed","ping_status":"closed","template":"","meta":{"ngg_post_thumbnail":0},"_links":{"self":[{"href":"https:\/\/gerstex.com\/de\/wp-json\/wp\/v2\/pages\/423"}],"collection":[{"href":"https:\/\/gerstex.com\/de\/wp-json\/wp\/v2\/pages"}],"about":[{"href":"https:\/\/gerstex.com\/de\/wp-json\/wp\/v2\/types\/page"}],"author":[{"embeddable":true,"href":"https:\/\/gerstex.com\/de\/wp-json\/wp\/v2\/users\/1"}],"replies":[{"embeddable":true,"href":"https:\/\/gerstex.com\/de\/wp-json\/wp\/v2\/comments?post=423"}],"version-history":[{"count":5,"href":"https:\/\/gerstex.com\/de\/wp-json\/wp\/v2\/pages\/423\/revisions"}],"predecessor-version":[{"id":2606,"href":"https:\/\/gerstex.com\/de\/wp-json\/wp\/v2\/pages\/423\/revisions\/2606"}],"wp:attachment":[{"href":"https:\/\/gerstex.com\/de\/wp-json\/wp\/v2\/media?parent=423"}],"curies":[{"name":"wp","href":"https:\/\/api.w.org\/{rel}","templated":true}]}}