{"id":378,"date":"2020-10-09T15:44:06","date_gmt":"2020-10-09T15:44:06","guid":{"rendered":"https:\/\/gers543843966.wordpress.com\/?page_id=378"},"modified":"2022-04-05T04:50:09","modified_gmt":"2022-04-04T19:50:09","slug":"home","status":"publish","type":"page","link":"https:\/\/gerstex.com\/de\/","title":{"rendered":"Home-de"},"content":{"rendered":"\n<div class=\"wp-container-2 wp-block-group alignfull\"><div class=\"wp-block-group__inner-container\">\n<div class=\"wp-container-1 wp-block-group alignfull\"><div class=\"wp-block-group__inner-container\">\n<figure class=\"wp-block-image alignfull size-large\"><img loading=\"lazy\" width=\"1024\" height=\"1012\" src=\"https:\/\/gerstex.com\/en\/wp-content\/uploads\/sites\/2\/2022\/04\/HOME-image-1-1024x1012.jpg\" alt=\"\" class=\"wp-image-2294\" srcset=\"https:\/\/gerstex.com\/de\/wp-content\/uploads\/sites\/2\/2022\/04\/HOME-image-1-1024x1012.jpg 1024w, https:\/\/gerstex.com\/de\/wp-content\/uploads\/sites\/2\/2022\/04\/HOME-image-1-300x297.jpg 300w, https:\/\/gerstex.com\/de\/wp-content\/uploads\/sites\/2\/2022\/04\/HOME-image-1-768x759.jpg 768w, https:\/\/gerstex.com\/de\/wp-content\/uploads\/sites\/2\/2022\/04\/HOME-image-1.jpg 1500w\" sizes=\"(max-width: 1024px) 100vw, 1024px\" \/><\/figure>\n<\/div><\/div>\n<\/div><\/div>\n\n\n\n<h4 class=\"has-text-align-center\">Herzlich Willkommen bei German Student Exchange!<\/h4>\n\n\n\n<div class=\"wp-block-image\"><figure class=\"aligncenter size-full\"><img loading=\"lazy\" width=\"390\" height=\"4\" src=\"https:\/\/gerstex.com\/en\/wp-content\/uploads\/sites\/2\/2022\/04\/Point-line-400.png\" alt=\"\" class=\"wp-image-2387\" srcset=\"https:\/\/gerstex.com\/de\/wp-content\/uploads\/sites\/2\/2022\/04\/Point-line-400.png 390w, https:\/\/gerstex.com\/de\/wp-content\/uploads\/sites\/2\/2022\/04\/Point-line-400-300x3.png 300w\" sizes=\"(max-width: 390px) 100vw, 390px\" \/><\/figure><\/div>\n\n\n\n<h4 class=\"alignwide has-text-align-center\" style=\"font-size:30px\">&nbsp;<\/h4>\n\n\n\n<p class=\"has-text-align-center\"> <\/p>\n\n\n\n<p class=\"has-text-align-center\">Herzlich Willkommen bei German Student Exchange, einem jungen, engagierten Team, das sich mit Studenten aus aller Welt befasst, die gern in Deutschland studieren m\u00f6chten, eine praktische Ausbildung anstreben, ein Austauschjahr oder -semester in Deutschland erleben m\u00f6chten oder gar den Schulabschluss in Deutschland erwerben wollen.<br>Warum man mit uns geht? <br>Wir arbeiten individuell und gehen auf jeden einzelnen eurer W\u00fcnsche ein. F\u00fcr mehr Informationen st\u00f6bert doch einmal durch unsere Webseite oder kontaktiert uns ganz einfach! Wir freuen uns auf euch!<\/p>\n\n\n\n<div style=\"height:100px\" aria-hidden=\"true\" class=\"wp-block-spacer\"><\/div>\n\n\n\n<div class=\"wp-block-cover alignfull is-light has-parallax\" style=\"background-image:url(https:\/\/gers543843966.files.wordpress.com\/2020\/10\/priscilla-du-preez-xkkcui44im0-unsplash-1.jpg);min-height:740px\"><span aria-hidden=\"true\" class=\"has-background-dim-20 wp-block-cover__gradient-background has-background-dim\" style=\"background-color:#000000\"><\/span><div class=\"wp-block-cover__inner-container\">\n<p class=\"has-text-align-center has-large-font-size\"><\/p>\n<\/div><\/div>\n\n\n\n<div style=\"height:91px\" aria-hidden=\"true\" class=\"wp-block-spacer\"><\/div>\n\n\n\n<div class=\"wp-block-columns alignfull are-vertically-aligned-center\">\n<div class=\"wp-block-column is-vertically-aligned-center\" style=\"flex-basis:50%\"><a class=\"iheg-wrapper\" href=\"https:\/\/gerstex.com\/de\/high-school\/\"  ><div class=\"eihe-box eihe-fade\" style=\"background: rgba(110,190,114,0.56);\"><img src=\"https:\/\/gerstex.com\/de\/wp-content\/uploads\/sites\/2\/2022\/04\/home-image-high_school-1568x1045-2-768x512-1.jpg\" alt=\"\"\/><div class=\"eihe-caption\" style=\"background: rgba(110,190,114,0.56);\"><div class=\"eihe-title-cover\"><p style=\"font-size: 30px;line-height: 35px;\" class=\"eihe-title\">Allgemeinbildende Schule<br><img loading=\"lazy\" width=\"350\" height=\"1\" class=\"wp-image-2390\" style=\"width: 370px\" src=\"https:\/\/gerstex.com\/en\/wp-content\/uploads\/sites\/2\/2022\/04\/Point-line-white-387.png\" alt=\"\" srcset=\"https:\/\/gerstex.com\/de\/wp-content\/uploads\/sites\/2\/2022\/04\/Point-line-white-387.png 350w, https:\/\/gerstex.com\/de\/wp-content\/uploads\/sites\/2\/2022\/04\/Point-line-white-387-300x1.png 300w, https:\/\/gerstex.com\/de\/wp-content\/uploads\/sites\/2\/2022\/04\/Point-line-white-387-150x1.png 150w\" sizes=\"(max-width: 350px) 100vw, 350px\" \/><\/p>\t<\/div><p>Mehr erfahren<\/p><\/div><\/div><\/a><\/div>\n\n\n\n<div class=\"wp-block-column is-vertically-aligned-center\" style=\"flex-basis:50%\"><a class=\"iheg-wrapper\" href=\"https:\/\/gerstex.com\/de\/university\/\"  ><div class=\"eihe-box eihe-fade\" style=\"background: rgba(110,190,114,0.56);\"><img src=\"https:\/\/gerstex.com\/de\/wp-content\/uploads\/sites\/2\/2022\/04\/home-image-university-1568x1045-1-768x512-1.jpg\" alt=\"\"\/><div class=\"eihe-caption\" style=\"background: rgba(110,190,114,0.56);\"><div class=\"eihe-title-cover\"><p style=\"font-size: 30px;line-height: 35px;\" class=\"eihe-title\">Universit\u00e4t<br><img loading=\"lazy\" width=\"350\" height=\"1\" class=\"wp-image-2390\" style=\"width: 160px\" src=\"https:\/\/gerstex.com\/en\/wp-content\/uploads\/sites\/2\/2022\/04\/Point-line-white-387.png\" alt=\"\" srcset=\"https:\/\/gerstex.com\/de\/wp-content\/uploads\/sites\/2\/2022\/04\/Point-line-white-387.png 350w, https:\/\/gerstex.com\/de\/wp-content\/uploads\/sites\/2\/2022\/04\/Point-line-white-387-300x1.png 300w, https:\/\/gerstex.com\/de\/wp-content\/uploads\/sites\/2\/2022\/04\/Point-line-white-387-150x1.png 150w\" sizes=\"(max-width: 350px) 100vw, 350px\" \/><\/p>\t<\/div><p>Mehr erfahren<\/p><\/div><\/div><\/a><\/div>\n<\/div>\n\n\n\n<div class=\"wp-block-columns alignfull are-vertically-aligned-center\">\n<div class=\"wp-block-column is-vertically-aligned-center\"><a class=\"iheg-wrapper\" href=\"https:\/\/gerstex.com\/de\/vocational-training\/\"  ><div class=\"eihe-box eihe-fade\" style=\"background: rgba(110,190,114,0.56);\"><img src=\"https:\/\/gerstex.com\/de\/wp-content\/uploads\/sites\/2\/2022\/04\/home-image-ausbildung-1568x1045-2-768x512-1.jpg\" alt=\"\"\/><div class=\"eihe-caption\" style=\"background: rgba(110,190,114,0.56);\"><div class=\"eihe-title-cover\"><p style=\"font-size: 35px;line-height: 30px;\" class=\"eihe-title\">Ausbildung<br><img loading=\"lazy\" width=\"350\" height=\"1\" class=\"wp-image-2390\" style=\"width: 190px\" src=\"https:\/\/gerstex.com\/en\/wp-content\/uploads\/sites\/2\/2022\/04\/Point-line-white-387.png\" alt=\"\" srcset=\"https:\/\/gerstex.com\/de\/wp-content\/uploads\/sites\/2\/2022\/04\/Point-line-white-387.png 350w, https:\/\/gerstex.com\/de\/wp-content\/uploads\/sites\/2\/2022\/04\/Point-line-white-387-300x1.png 300w, https:\/\/gerstex.com\/de\/wp-content\/uploads\/sites\/2\/2022\/04\/Point-line-white-387-150x1.png 150w\" sizes=\"(max-width: 350px) 100vw, 350px\" \/><\/p>\t<\/div><p>Mehr erfahren<\/p><\/div><\/div><\/a><\/div>\n\n\n\n<div class=\"wp-block-column is-vertically-aligned-center\"><a class=\"iheg-wrapper\" href=\"https:\/\/gerstex.com\/de\/homestay\/\"  ><div class=\"eihe-box eihe-fade\" style=\"background: rgba(110,190,114,0.56);\"><img src=\"https:\/\/gerstex.com\/de\/wp-content\/uploads\/sites\/2\/2022\/04\/home-image-homestay-1568x1045-1-768x512-1.jpg\" alt=\"\"\/><div class=\"eihe-caption\" style=\"background: rgba(110,190,114,0.56);\"><div class=\"eihe-title-cover\"><p style=\"font-size: 35px;line-height: 30px;\" class=\"eihe-title\">Wohngemeinschaft<br><img loading=\"lazy\" width=\"350\" height=\"1\" class=\"wp-image-2390\" style=\"width: 320px\" src=\"https:\/\/gerstex.com\/en\/wp-content\/uploads\/sites\/2\/2022\/04\/Point-line-white-387.png\" alt=\"\" srcset=\"https:\/\/gerstex.com\/de\/wp-content\/uploads\/sites\/2\/2022\/04\/Point-line-white-387.png 350w, https:\/\/gerstex.com\/de\/wp-content\/uploads\/sites\/2\/2022\/04\/Point-line-white-387-300x1.png 300w, https:\/\/gerstex.com\/de\/wp-content\/uploads\/sites\/2\/2022\/04\/Point-line-white-387-150x1.png 150w\" sizes=\"(max-width: 350px) 100vw, 350px\" \/><\/p>\t<\/div><p>Mehr erfahren<\/p><\/div><\/div><\/a><\/div>\n<\/div>\n\n\n\n<div class=\"wp-block-columns alignfull re-block has-background\" style=\"background-color:#202020\">\n<div class=\"wp-block-column\" style=\"flex-basis:5%\"><\/div>\n\n\n\n<div class=\"wp-block-column is-vertically-aligned-center\" style=\"flex-basis:20%\">\n<div class=\"wp-block-image\"><figure class=\"alignleft size-full\"><img loading=\"lazy\" width=\"120\" height=\"90\" src=\"https:\/\/gerstex.com\/en\/wp-content\/uploads\/sites\/2\/2022\/04\/Logo_white-1.png\" alt=\"\" class=\"wp-image-2345\"\/><\/figure><\/div>\n<\/div>\n\n\n\n<div class=\"wp-block-column is-vertically-aligned-center re-blcok-contact\" style=\"flex-basis:75%\">\n<p class=\"has-text-align-right has-background-color has-text-color has-small-font-size\">\u2022<strong> Kontakt<\/strong><br>Adresse : An der Eiche 14, 25421<br>Pinneberg Germany<br>Phone : +49 4101 6976439<br>E-Mail : info@gerstex.com<br>Web : www.gerstex.com\/de<\/p>\n<\/div>\n\n\n\n<div class=\"wp-block-column\" style=\"flex-basis:5%\">\n<div style=\"height:\" aria-hidden=\"true\" class=\"wp-block-spacer\"><\/div>\n<\/div>\n<\/div>\n\n\n\n<div class=\"wp-block-columns alignfull re-block has-background-color has-black-background-color has-text-color has-background\">\n<div class=\"wp-block-column\" style=\"flex-basis:5%\">\n<div style=\"height:10px\" aria-hidden=\"true\" class=\"wp-block-spacer\"><\/div>\n<\/div>\n\n\n\n<div class=\"wp-block-column has-background-color has-text-color\">\n<p class=\"has-text-align-left\" style=\"font-size:1em\">\u00a9 COPYRIGHT GERSTEX.COM<\/p>\n<\/div>\n\n\n\n<div class=\"wp-block-column\">\n<div style=\"height:10px\" aria-hidden=\"true\" class=\"wp-block-spacer\"><\/div>\n<\/div>\n\n\n\n<div class=\"wp-block-column has-background-color has-text-color\">\n<p class=\"has-text-align-right color: white has-background-color has-text-color\" style=\"font-size:1em\"><a href=\"https:\/\/gerstex.com\/de\/imprint\/\" data-type=\"page\" style=\"color: white;\">IMPRESSUM<\/a>  <\/p>\n<\/div>\n\n\n\n<div class=\"wp-block-column\" style=\"flex-basis:160px\">\n<p class=\"has-text-align-right has-background-color has-text-color\" style=\"font-size:1em\"><a href=\"https:\/\/gerstex.com\/de\/datenschutz\/\" data-type=\"page\" style=\"color: white;\">DATENSCHUTZ<\/a><\/p>\n<\/div>\n\n\n\n<div class=\"wp-block-column\" style=\"flex-basis:5%\">\n<div style=\"height:10px\" aria-hidden=\"true\" class=\"wp-block-spacer\"><\/div>\n<\/div>\n<\/div>\n","protected":false},"excerpt":{"rendered":"<p>Herzlich Willkommen bei German Student Exchange! &nbsp; Herzlich Willkommen bei German Student Exchange, einem jungen, engagierten Team, das sich mit Studenten aus aller Welt befasst, die gern in Deutschland studieren m\u00f6chten, eine praktische Ausbildung anstreben, ein Austauschjahr oder -semester in Deutschland erleben m\u00f6chten oder gar den Schulabschluss in Deutschland erwerben wollen.Warum man mit uns geht?<a class=\"more-link\" href=\"https:\/\/gerstex.com\/de\/\"><span class=\"screen-reader-text\">&#8220;Home-de&#8221;<\/span> \uacc4\uc18d \uc77d\uae30<\/a><\/p>\n","protected":false},"author":1,"featured_media":0,"parent":0,"menu_order":0,"comment_status":"closed","ping_status":"closed","template":"","meta":{"ngg_post_thumbnail":0},"_links":{"self":[{"href":"https:\/\/gerstex.com\/de\/wp-json\/wp\/v2\/pages\/378"}],"collection":[{"href":"https:\/\/gerstex.com\/de\/wp-json\/wp\/v2\/pages"}],"about":[{"href":"https:\/\/gerstex.com\/de\/wp-json\/wp\/v2\/types\/page"}],"author":[{"embeddable":true,"href":"https:\/\/gerstex.com\/de\/wp-json\/wp\/v2\/users\/1"}],"replies":[{"embeddable":true,"href":"https:\/\/gerstex.com\/de\/wp-json\/wp\/v2\/comments?post=378"}],"version-history":[{"count":2,"href":"https:\/\/gerstex.com\/de\/wp-json\/wp\/v2\/pages\/378\/revisions"}],"predecessor-version":[{"id":2580,"href":"https:\/\/gerstex.com\/de\/wp-json\/wp\/v2\/pages\/378\/revisions\/2580"}],"wp:attachment":[{"href":"https:\/\/gerstex.com\/de\/wp-json\/wp\/v2\/media?parent=378"}],"curies":[{"name":"wp","href":"https:\/\/api.w.org\/{rel}","templated":true}]}}