{"id":333,"date":"2016-07-24T13:25:50","date_gmt":"2016-07-24T13:25:50","guid":{"rendered":"http:\/\/gerstex.com\/en\/en\/?page_id=74"},"modified":"2022-04-05T05:42:51","modified_gmt":"2022-04-04T20:42:51","slug":"university","status":"publish","type":"page","link":"https:\/\/gerstex.com\/de\/university\/","title":{"rendered":"University"},"content":{"rendered":"\n<div class=\"wp-block-cover alignfull is-light\" style=\"min-height:430px\"><span aria-hidden=\"true\" class=\"has-background-background-color has-background-dim-60 wp-block-cover__gradient-background has-background-dim\"><\/span><img class=\"wp-block-cover__image-background wp-image-551\" alt=\"\" src=\"https:\/\/gers543843966.files.wordpress.com\/2020\/10\/photo-1523050854058-8df90110c9f1.jpg\" data-object-fit=\"cover\"\/><div class=\"wp-block-cover__inner-container\">\n<div style=\"height:46px\" aria-hidden=\"true\" class=\"wp-block-spacer\"><\/div>\n\n\n\n<p class=\"has-text-align-center\" style=\"font-size:28px\">Universit\u00e4t <mark style=\"background-color:rgba(0, 0, 0, 0);color:#a30004\" class=\"has-inline-color\"><strong><mark style=\"background-color:rgba(0, 0, 0, 0);color:#a30003\" class=\"has-inline-color\"><strong><mark style=\"background-color:rgba(0, 0, 0, 0);color:#a30004\" class=\"has-inline-color\"><strong><mark style=\"background-color:rgba(0, 0, 0, 0);color:#a30003\" class=\"has-inline-color\"><strong><mark style=\"background-color:rgba(0, 0, 0, 0);color:#a30004\" class=\"has-inline-color\"><strong><mark style=\"background-color:rgba(0, 0, 0, 0);color:#a30003\" class=\"has-inline-color\"><strong><mark style=\"background-color:rgba(0, 0, 0, 0);color:#a30004\" class=\"has-inline-color\"><strong><mark style=\"background-color:rgba(0, 0, 0, 0);color:#a30003\" class=\"has-inline-color\"><strong><mark style=\"background-color:rgba(0, 0, 0, 0);color:#a30004\" class=\"has-inline-color\"><strong><mark style=\"background-color:rgba(0, 0, 0, 0);color:#a30003\" class=\"has-inline-color\"><strong><mark style=\"background-color:rgba(0, 0, 0, 0);color:#a30004\" class=\"has-inline-color\"><strong><mark style=\"background-color:rgba(0, 0, 0, 0);color:#a30003\" class=\"has-inline-color\"><strong><mark style=\"background-color:rgba(0, 0, 0, 0);color:#a30004\" class=\"has-inline-color\"><strong><mark style=\"background-color:rgba(0, 0, 0, 0);color:#a30003\" class=\"has-inline-color\"><strong><mark style=\"background-color:rgba(0, 0, 0, 0);color:#a30004\" class=\"has-inline-color\"><strong><mark style=\"background-color:rgba(0, 0, 0, 0);color:#a30003\" class=\"has-inline-color\"><strong>\u2022<\/strong><\/mark><\/strong><\/mark><\/strong><\/mark><\/strong><\/mark><\/strong><\/mark><\/strong><\/mark><\/strong><\/mark><\/strong><\/mark><\/strong><\/mark><\/strong><\/mark><\/strong><\/mark><\/strong><\/mark><\/strong><\/mark><\/strong><\/mark><\/strong><\/mark><\/strong><\/mark><\/p>\n\n\n\n<div style=\"height:46px\" aria-hidden=\"true\" class=\"wp-block-spacer\"><\/div>\n\n\n\n<div style=\"height:26px\" aria-hidden=\"true\" class=\"wp-block-spacer\"><\/div>\n\n\n\n<p class=\"has-text-align-center\"> <\/p>\n<\/div><\/div>\n\n\n\n<p class=\"has-text-align-center has-text-color\" style=\"color:#ba1b21;font-size:17px\"><strong>Studium deiner Wahl an einer Universit\u00e4t, Fachhochschule oder Privatinstitution als Austauschstudent f\u00fcr einen begrenzten Zeitraum oder f\u00fcr ein komplettes Studium.<\/strong><\/p>\n\n\n\n<div class=\"wp-block-columns alignfull are-vertically-aligned-center\">\n<div class=\"wp-block-column is-vertically-aligned-center\">\n<figure class=\"wp-block-image alignfull size-full\"><img loading=\"lazy\" width=\"750\" height=\"500\" src=\"https:\/\/gerstex.com\/en\/wp-content\/uploads\/sites\/2\/2022\/04\/photo-1517245386807-bb43f82c33c4.jpg\" alt=\"\" class=\"wp-image-2369\" srcset=\"https:\/\/gerstex.com\/de\/wp-content\/uploads\/sites\/2\/2022\/04\/photo-1517245386807-bb43f82c33c4.jpg 750w, https:\/\/gerstex.com\/de\/wp-content\/uploads\/sites\/2\/2022\/04\/photo-1517245386807-bb43f82c33c4-300x200.jpg 300w\" sizes=\"(max-width: 750px) 100vw, 750px\" \/><\/figure>\n<\/div>\n\n\n\n<div class=\"wp-block-column is-vertically-aligned-center\">\n<figure class=\"wp-block-image alignfull size-full\"><img loading=\"lazy\" width=\"750\" height=\"500\" src=\"https:\/\/gerstex.com\/en\/wp-content\/uploads\/sites\/2\/2022\/04\/artem-maltsev-0CvHQ62gwY8-.jpg\" alt=\"\" class=\"wp-image-2270\" srcset=\"https:\/\/gerstex.com\/de\/wp-content\/uploads\/sites\/2\/2022\/04\/artem-maltsev-0CvHQ62gwY8-.jpg 750w, https:\/\/gerstex.com\/de\/wp-content\/uploads\/sites\/2\/2022\/04\/artem-maltsev-0CvHQ62gwY8--300x200.jpg 300w\" sizes=\"(max-width: 750px) 100vw, 750px\" \/><\/figure>\n<\/div>\n\n\n\n<div class=\"wp-block-column is-vertically-aligned-center\">\n<figure class=\"wp-block-image alignfull size-full\"><img loading=\"lazy\" width=\"750\" height=\"500\" src=\"https:\/\/gerstex.com\/en\/wp-content\/uploads\/sites\/2\/2022\/04\/photo-1539413595691-37a09a48579b.jpg\" alt=\"\" class=\"wp-image-2372\" srcset=\"https:\/\/gerstex.com\/de\/wp-content\/uploads\/sites\/2\/2022\/04\/photo-1539413595691-37a09a48579b.jpg 750w, https:\/\/gerstex.com\/de\/wp-content\/uploads\/sites\/2\/2022\/04\/photo-1539413595691-37a09a48579b-300x200.jpg 300w\" sizes=\"(max-width: 750px) 100vw, 750px\" \/><\/figure>\n<\/div>\n<\/div>\n\n\n\n<p class=\"has-text-align-center\" style=\"font-size:17px\">Ein Studium in Deutschland steht f\u00fcr Qualit\u00e4t, Anerkennung und nicht zuletzt ist es aufgrund des deutschen Bildungssystems f\u00fcr jedermann zug\u00e4nglich.<br>Nicht immer so einfach gestaltet sich die Suche nach der geeigneten Ausbildungsst\u00e4tte, den Anforderungen und dem Bewerbungsprozedere.<br>Hierbei stehen wireuch hilfreich zur Seite oder \u00fcbernehmen auf Wunsch auch den kompletten Prozess und bleiben an eurer Seite bis zur Immatrikulation.<\/p>\n\n\n\n<p style=\"font-size:17px\">.<\/p>\n\n\n\n<p class=\"has-text-align-center\" style=\"font-size:22px\"><strong>Unser Service<\/strong><\/p>\n\n\n\n<hr class=\"wp-block-separator has-text-color has-background is-style-default\" style=\"background-color:#ba1b21;color:#ba1b21\"\/>\n\n\n\n<div class=\"wp-block-media-text alignfull is-stacked-on-mobile is-image-fill has-background-color has-text-color has-background has-background-dark-background-color has-background\"><figure class=\"wp-block-media-text__media\" style=\"background-image:url(https:\/\/gerstex.com\/en\/wp-content\/uploads\/sites\/2\/2022\/04\/iStock_000057726508_Full-e1467061563921.jpg);background-position:50% 50%\"><img loading=\"lazy\" width=\"400\" height=\"267\" src=\"https:\/\/gerstex.com\/en\/wp-content\/uploads\/sites\/2\/2022\/04\/iStock_000057726508_Full-e1467061563921.jpg\" alt=\"\" class=\"wp-image-2338 size-full\" srcset=\"https:\/\/gerstex.com\/de\/wp-content\/uploads\/sites\/2\/2022\/04\/iStock_000057726508_Full-e1467061563921.jpg 400w, https:\/\/gerstex.com\/de\/wp-content\/uploads\/sites\/2\/2022\/04\/iStock_000057726508_Full-e1467061563921-300x200.jpg 300w\" sizes=\"(max-width: 400px) 100vw, 400px\" \/><\/figure><div class=\"wp-block-media-text__content\">\n<div style=\"height:100px\" aria-hidden=\"true\" class=\"wp-block-spacer\"><\/div>\n\n\n\n<p class=\"has-primary-color has-text-color has-normal-font-size\"><mark style=\"background-color:rgba(0, 0, 0, 0);color:#ba1b21\" class=\"has-inline-color\">\u2022<\/mark> Pr\u00fcfung von Voraussetzungen<br><mark style=\"background-color:rgba(0, 0, 0, 0);color:#ba1b21\" class=\"has-inline-color\">\u2022<\/mark> Bewerbung \/ Einschreibung in Universit\u00e4t, Fachhochschule oder Privatinstitution<br><mark style=\"background-color:rgba(0, 0, 0, 0);color:#ba1b21\" class=\"has-inline-color\">\u2022<\/mark> Anmeldung zum vorgelagerten Sprachkurs<br><mark style=\"background-color:rgba(0, 0, 0, 0);color:#ba1b21\" class=\"has-inline-color\">\u2022<\/mark> Wohnungssuche<br><mark style=\"background-color:rgba(0, 0, 0, 0);color:#ba1b21\" class=\"has-inline-color\">\u2022<\/mark> Anmeldung und Registrierung<br><mark style=\"background-color:rgba(0, 0, 0, 0);color:#ba1b21\" class=\"has-inline-color\">\u2022<\/mark> Unterst\u00fctzung bei Kontener\u00f6ffnung, Telefonvertr\u00e4gen u.v.m.<\/p>\n\n\n\n<div style=\"height:100px\" aria-hidden=\"true\" class=\"wp-block-spacer\"><\/div>\n<\/div><\/div>\n\n\n\n<div class=\"wp-block-columns alignfull re-block has-background\" style=\"background-color:#202020\">\n<div class=\"wp-block-column\" style=\"flex-basis:5%\"><\/div>\n\n\n\n<div class=\"wp-block-column is-vertically-aligned-center\" style=\"flex-basis:20%\">\n<div class=\"wp-block-image\"><figure class=\"alignleft size-full\"><img loading=\"lazy\" width=\"120\" height=\"90\" src=\"https:\/\/gerstex.com\/en\/wp-content\/uploads\/sites\/2\/2022\/04\/Logo_white-1.png\" alt=\"\" class=\"wp-image-2345\"\/><\/figure><\/div>\n<\/div>\n\n\n\n<div class=\"wp-block-column is-vertically-aligned-center re-blcok-contact\" style=\"flex-basis:75%\">\n<p class=\"has-text-align-right has-background-color has-text-color has-small-font-size\">\u2022<strong> Kontakt<\/strong><br>Adresse : An der Eiche 14, 25421<br>Pinneberg Germany<br>Phone : +49 4101 6976439<br>E-Mail : info@gerstex.com<br>Web : www.gerstex.com\/de<\/p>\n<\/div>\n\n\n\n<div class=\"wp-block-column\" style=\"flex-basis:5%\">\n<div style=\"height:\" aria-hidden=\"true\" class=\"wp-block-spacer\"><\/div>\n<\/div>\n<\/div>\n\n\n\n<div class=\"wp-block-columns alignfull re-block has-background-color has-black-background-color has-text-color has-background\">\n<div class=\"wp-block-column\" style=\"flex-basis:5%\">\n<div style=\"height:10px\" aria-hidden=\"true\" class=\"wp-block-spacer\"><\/div>\n<\/div>\n\n\n\n<div class=\"wp-block-column has-background-color has-text-color\">\n<p class=\"has-text-align-left\" style=\"font-size:1em\">\u00a9 COPYRIGHT GERSTEX.COM<\/p>\n<\/div>\n\n\n\n<div class=\"wp-block-column\">\n<div style=\"height:10px\" aria-hidden=\"true\" class=\"wp-block-spacer\"><\/div>\n<\/div>\n\n\n\n<div class=\"wp-block-column has-background-color has-text-color\">\n<p class=\"has-text-align-right color: white has-background-color has-text-color\" style=\"font-size:1em\"><a href=\"https:\/\/gerstex.com\/de\/imprint\/\" data-type=\"page\" style=\"color: white;\">IMPRESSUM<\/a>  <\/p>\n<\/div>\n\n\n\n<div class=\"wp-block-column\" style=\"flex-basis:160px\">\n<p class=\"has-text-align-right has-background-color has-text-color\" style=\"font-size:1em\"><a href=\"https:\/\/gerstex.com\/de\/datenschutz\/\" data-type=\"page\" style=\"color: white;\">DATENSCHUTZ<\/a><\/p>\n<\/div>\n\n\n\n<div class=\"wp-block-column\" style=\"flex-basis:5%\">\n<div style=\"height:10px\" aria-hidden=\"true\" class=\"wp-block-spacer\"><\/div>\n<\/div>\n<\/div>\n","protected":false},"excerpt":{"rendered":"<p>Studium deiner Wahl an einer Universit\u00e4t, Fachhochschule oder Privatinstitution als Austauschstudent f\u00fcr einen begrenzten Zeitraum oder f\u00fcr ein komplettes Studium. Ein Studium in Deutschland steht f\u00fcr Qualit\u00e4t, Anerkennung und nicht zuletzt ist es aufgrund des deutschen Bildungssystems f\u00fcr jedermann zug\u00e4nglich.Nicht immer so einfach gestaltet sich die Suche nach der geeigneten Ausbildungsst\u00e4tte, den Anforderungen und dem<a class=\"more-link\" href=\"https:\/\/gerstex.com\/de\/university\/\"><span class=\"screen-reader-text\">&#8220;University&#8221;<\/span> \uacc4\uc18d \uc77d\uae30<\/a><\/p>\n","protected":false},"author":1,"featured_media":0,"parent":0,"menu_order":0,"comment_status":"closed","ping_status":"closed","template":"","meta":{"ngg_post_thumbnail":0},"_links":{"self":[{"href":"https:\/\/gerstex.com\/de\/wp-json\/wp\/v2\/pages\/333"}],"collection":[{"href":"https:\/\/gerstex.com\/de\/wp-json\/wp\/v2\/pages"}],"about":[{"href":"https:\/\/gerstex.com\/de\/wp-json\/wp\/v2\/types\/page"}],"author":[{"embeddable":true,"href":"https:\/\/gerstex.com\/de\/wp-json\/wp\/v2\/users\/1"}],"replies":[{"embeddable":true,"href":"https:\/\/gerstex.com\/de\/wp-json\/wp\/v2\/comments?post=333"}],"version-history":[{"count":2,"href":"https:\/\/gerstex.com\/de\/wp-json\/wp\/v2\/pages\/333\/revisions"}],"predecessor-version":[{"id":2597,"href":"https:\/\/gerstex.com\/de\/wp-json\/wp\/v2\/pages\/333\/revisions\/2597"}],"wp:attachment":[{"href":"https:\/\/gerstex.com\/de\/wp-json\/wp\/v2\/media?parent=333"}],"curies":[{"name":"wp","href":"https:\/\/api.w.org\/{rel}","templated":true}]}}