{"id":2693,"date":"2022-04-07T07:18:27","date_gmt":"2022-04-06T22:18:27","guid":{"rendered":"https:\/\/gerstex.com\/de\/?page_id=2693"},"modified":"2022-04-07T07:18:27","modified_gmt":"2022-04-06T22:18:27","slug":"business","status":"publish","type":"page","link":"https:\/\/gerstex.com\/de\/business\/","title":{"rendered":"Business program"},"content":{"rendered":"\n<div class=\"wp-block-cover alignfull\"><span aria-hidden=\"true\" class=\"has-background-dim-60 wp-block-cover__gradient-background has-background-dim\"><\/span><img loading=\"lazy\" width=\"864\" height=\"501\" class=\"wp-block-cover__image-background wp-image-2618\" alt=\"\" src=\"https:\/\/gerstex.com\/de\/wp-content\/uploads\/sites\/2\/2022\/04\/photo-1554062669-9603197b21f5.jpg\" data-object-fit=\"cover\" srcset=\"https:\/\/gerstex.com\/de\/wp-content\/uploads\/sites\/2\/2022\/04\/photo-1554062669-9603197b21f5.jpg 864w, https:\/\/gerstex.com\/de\/wp-content\/uploads\/sites\/2\/2022\/04\/photo-1554062669-9603197b21f5-300x174.jpg 300w, https:\/\/gerstex.com\/de\/wp-content\/uploads\/sites\/2\/2022\/04\/photo-1554062669-9603197b21f5-768x445.jpg 768w\" sizes=\"(max-width: 864px) 100vw, 864px\" \/><div class=\"wp-block-cover__inner-container\">\n<div style=\"height:46px\" aria-hidden=\"true\" class=\"wp-block-spacer\"><\/div>\n\n\n\n<p class=\"has-text-align-center\" style=\"font-size:28px\">Business <mark style=\"background-color:rgba(0, 0, 0, 0);color:#a30004\" class=\"has-inline-color\"><strong><mark style=\"background-color:rgba(0, 0, 0, 0);color:#a30003\" class=\"has-inline-color\"><strong><mark style=\"background-color:rgba(0, 0, 0, 0);color:#a30004\" class=\"has-inline-color\"><strong><mark style=\"background-color:rgba(0, 0, 0, 0);color:#a30003\" class=\"has-inline-color\"><strong><mark style=\"background-color:rgba(0, 0, 0, 0);color:#a30004\" class=\"has-inline-color\"><strong><mark style=\"background-color:rgba(0, 0, 0, 0);color:#a30003\" class=\"has-inline-color\"><strong><mark style=\"background-color:rgba(0, 0, 0, 0);color:#a30004\" class=\"has-inline-color\"><strong><mark style=\"background-color:rgba(0, 0, 0, 0);color:#a30003\" class=\"has-inline-color\"><strong>\u2022<\/strong><\/mark><\/strong><\/mark><\/strong><\/mark><\/strong><\/mark><\/strong><\/mark><\/strong><\/mark><\/strong><\/mark><\/strong><\/mark><\/p>\n\n\n\n<div style=\"height:46px\" aria-hidden=\"true\" class=\"wp-block-spacer\"><\/div>\n\n\n\n<div style=\"height:26px\" aria-hidden=\"true\" class=\"wp-block-spacer\"><\/div>\n\n\n\n<p class=\"has-text-align-center\"> <\/p>\n<\/div><\/div>\n\n\n\n<div style=\"height:55px\" aria-hidden=\"true\" class=\"wp-block-spacer\"><\/div>\n\n\n\n<p class=\"has-text-align-center\" style=\"font-size:22px\"><strong>Business<\/strong><\/p>\n\n\n\n<hr class=\"wp-block-separator has-text-color has-background is-style-default\" style=\"background-color:#ba1b21;color:#ba1b21\"\/>\n\n\n\n<p class=\"has-text-align-center\" style=\"font-size:17px\">Auch wenn es nicht Ihr Ziel ist, ein gro\u00dfes Unternehmen in Deutschland zu gr\u00fcnden, werden wir mit jungen Menschen beginnen, die es sind Tr\u00e4ume von pers\u00f6nlichen Gesch\u00e4ften basierend auf ihren Erfahrungen und Erfahrungen in Korea.<br>Wenn Sie nicht viel Startkapital haben oder eine Selbstst\u00e4ndigkeit in Betracht ziehen, k\u00f6nnen Sie sich gerne an uns wenden.<br>Wir bieten Beratungsleistungen f\u00fcr Unternehmen und Gesch\u00e4ftsvisa an.<\/p>\n\n\n\n<p class=\"has-text-align-center\" style=\"font-size:22px\"><strong>Unser Service<\/strong><\/p>\n\n\n\n<hr class=\"wp-block-separator has-text-color has-background is-style-default\" style=\"background-color:#ba1b21;color:#ba1b21\"\/>\n\n\n\n<div class=\"wp-block-columns alignfull re-block has-background\" style=\"background-color:#202020\">\n<div class=\"wp-block-column\" style=\"flex-basis:5%\"><\/div>\n\n\n\n<div class=\"wp-block-column is-vertically-aligned-center\" style=\"flex-basis:20%\">\n<div class=\"wp-block-image\"><figure class=\"alignleft size-full\"><img loading=\"lazy\" width=\"120\" height=\"90\" src=\"https:\/\/gerstex.com\/en\/wp-content\/uploads\/sites\/2\/2022\/04\/Logo_white-1.png\" alt=\"\" class=\"wp-image-2345\"\/><\/figure><\/div>\n<\/div>\n\n\n\n<div class=\"wp-block-column is-vertically-aligned-center re-blcok-contact\" style=\"flex-basis:75%\">\n<p class=\"has-text-align-right has-background-color has-text-color has-small-font-size\">\u2022<strong> Kontakt<\/strong><br>Adresse : An der Eiche 14, 25421<br>Pinneberg Germany<br>Phone : +49 4101 6976439<br>E-Mail : info@gerstex.com<br>Web : www.gerstex.com\/de<\/p>\n<\/div>\n\n\n\n<div class=\"wp-block-column\" style=\"flex-basis:5%\">\n<div style=\"height:\" aria-hidden=\"true\" class=\"wp-block-spacer\"><\/div>\n<\/div>\n<\/div>\n\n\n\n<div class=\"wp-block-columns alignfull re-block has-background-color has-black-background-color has-text-color has-background\">\n<div class=\"wp-block-column\" style=\"flex-basis:5%\">\n<div style=\"height:10px\" aria-hidden=\"true\" class=\"wp-block-spacer\"><\/div>\n<\/div>\n\n\n\n<div class=\"wp-block-column has-background-color has-text-color\">\n<p class=\"has-text-align-left\" style=\"font-size:1em\">\u00a9 COPYRIGHT GERSTEX.COM<\/p>\n<\/div>\n\n\n\n<div class=\"wp-block-column\">\n<div style=\"height:10px\" aria-hidden=\"true\" class=\"wp-block-spacer\"><\/div>\n<\/div>\n\n\n\n<div class=\"wp-block-column has-background-color has-text-color\">\n<p class=\"has-text-align-right color: white has-background-color has-text-color\" style=\"font-size:1em\"><a href=\"https:\/\/gerstex.com\/de\/imprint\/\" data-type=\"page\" style=\"color: white;\">IMPRESSUM<\/a>  <\/p>\n<\/div>\n\n\n\n<div class=\"wp-block-column\" style=\"flex-basis:160px\">\n<p class=\"has-text-align-right has-background-color has-text-color\" style=\"font-size:1em\"><a href=\"https:\/\/gerstex.com\/de\/datenschutz\/\" data-type=\"page\" style=\"color: white;\">DATENSCHUTZ<\/a><\/p>\n<\/div>\n\n\n\n<div class=\"wp-block-column\" style=\"flex-basis:5%\">\n<div style=\"height:10px\" aria-hidden=\"true\" class=\"wp-block-spacer\"><\/div>\n<\/div>\n<\/div>\n","protected":false},"excerpt":{"rendered":"<p>Business Auch wenn es nicht Ihr Ziel ist, ein gro\u00dfes Unternehmen in Deutschland zu gr\u00fcnden, werden wir mit jungen Menschen beginnen, die es sind Tr\u00e4ume von pers\u00f6nlichen Gesch\u00e4ften basierend auf ihren Erfahrungen und Erfahrungen in Korea.Wenn Sie nicht viel Startkapital haben oder eine Selbstst\u00e4ndigkeit in Betracht ziehen, k\u00f6nnen Sie sich gerne an uns wenden.Wir bieten<a class=\"more-link\" href=\"https:\/\/gerstex.com\/de\/business\/\"><span class=\"screen-reader-text\">&#8220;Business program&#8221;<\/span> \uacc4\uc18d \uc77d\uae30<\/a><\/p>\n","protected":false},"author":1,"featured_media":0,"parent":0,"menu_order":0,"comment_status":"closed","ping_status":"closed","template":"","meta":{"ngg_post_thumbnail":0},"_links":{"self":[{"href":"https:\/\/gerstex.com\/de\/wp-json\/wp\/v2\/pages\/2693"}],"collection":[{"href":"https:\/\/gerstex.com\/de\/wp-json\/wp\/v2\/pages"}],"about":[{"href":"https:\/\/gerstex.com\/de\/wp-json\/wp\/v2\/types\/page"}],"author":[{"embeddable":true,"href":"https:\/\/gerstex.com\/de\/wp-json\/wp\/v2\/users\/1"}],"replies":[{"embeddable":true,"href":"https:\/\/gerstex.com\/de\/wp-json\/wp\/v2\/comments?post=2693"}],"version-history":[{"count":1,"href":"https:\/\/gerstex.com\/de\/wp-json\/wp\/v2\/pages\/2693\/revisions"}],"predecessor-version":[{"id":2694,"href":"https:\/\/gerstex.com\/de\/wp-json\/wp\/v2\/pages\/2693\/revisions\/2694"}],"wp:attachment":[{"href":"https:\/\/gerstex.com\/de\/wp-json\/wp\/v2\/media?parent=2693"}],"curies":[{"name":"wp","href":"https:\/\/api.w.org\/{rel}","templated":true}]}}