{"id":1028,"date":"2020-11-01T10:54:26","date_gmt":"2020-11-01T09:54:26","guid":{"rendered":"https:\/\/gers543843966.wordpress.com\/?page_id=792"},"modified":"2022-04-05T05:15:49","modified_gmt":"2022-04-04T20:15:49","slug":"language-training","status":"publish","type":"page","link":"https:\/\/gerstex.com\/de\/language-training\/","title":{"rendered":"Language Course_de"},"content":{"rendered":"\n<div class=\"wp-block-cover alignfull is-style-default\"><span aria-hidden=\"true\" class=\"has-foreground-dark-background-color has-background-dim-60 wp-block-cover__gradient-background has-background-dim\"><\/span><img class=\"wp-block-cover__image-background wp-image-799\" alt=\"\" src=\"https:\/\/gers543843966.files.wordpress.com\/2020\/11\/sports-1465340_1920-e1467898111743.jpg\" data-object-fit=\"cover\"\/><div class=\"wp-block-cover__inner-container\">\n<div style=\"height:68px\" aria-hidden=\"true\" class=\"wp-block-spacer\"><\/div>\n\n\n\n<p class=\"has-text-align-center\" style=\"font-size:28px\">Sprachkurs <mark style=\"background-color:rgba(0, 0, 0, 0);color:#a30003\" class=\"has-inline-color\"><strong><mark style=\"background-color:rgba(0, 0, 0, 0);color:#a30003\" class=\"has-inline-color\"><strong>\u2022<\/strong><\/mark><\/strong><\/mark><\/p>\n\n\n\n<div style=\"height:26px\" aria-hidden=\"true\" class=\"wp-block-spacer\"><\/div>\n<\/div><\/div>\n\n\n\n<div class=\"wp-block-columns alignwide\">\n<div class=\"wp-block-column\"><\/div>\n<\/div>\n\n\n\n<p class=\"has-text-align-center\" style=\"font-size:16px\">Ein kleines Land mitten im Herzen Europas.<br>Vom hohen Norden und der rauen Nordseek\u00fcste, seinen<br>Marschen und vorgelagerten Inseln durchdie Gro\u00dfst\u00e4dte \u00fcber Hamburg und Bremen in den pulsierenden<br>Ruhrpott und weiter in den S\u00fcden nach Bayern mit seinen Bergen und T\u00e4lern hat<br>Deutschland wohl f\u00fcr jedes Herz ein passendes Fleckchen parat.<br>Deutschland, das ist nicht nur \u201eMade in Germany\u201c, das ist so viel mehr. Eine starke Wirtschaft<br>unterst\u00fctzt durch ein solides soziales Netz sind dieGrundfesten dieses im Vergleich doch recht kleinen Landes.<br>Ehrlichkeit, Flei\u00df, P\u00fcnktlichkeit ebenso wie Sparsamkeit sind mit Sicherheit Deutschlands G\u00fcter und werden als \u00fcberaus wichtig erachtet, doch lieben die Deutschen auch ihre Freizeit. Urlaub und Zeit mit der Familie wird gro\u00dfgeschrieben Die Deutschen sind Meister darin in den Urlaub zu fahren, das eigene Land und ebenso die ganze Welt zu erkunden. Deutschland, das Land der Dichter und Denker \u2013 so war es, so ist es.<\/p>\n\n\n\n<div style=\"height:100px\" aria-hidden=\"true\" class=\"wp-block-spacer\"><\/div>\n\n\n\n<div class=\"wp-block-columns alignfull re-block has-background\" style=\"background-color:#202020\">\n<div class=\"wp-block-column\" style=\"flex-basis:5%\"><\/div>\n\n\n\n<div class=\"wp-block-column is-vertically-aligned-center\" style=\"flex-basis:20%\">\n<div class=\"wp-block-image\"><figure class=\"alignleft size-full\"><img loading=\"lazy\" width=\"120\" height=\"90\" src=\"https:\/\/gerstex.com\/en\/wp-content\/uploads\/sites\/2\/2022\/04\/Logo_white-1.png\" alt=\"\" class=\"wp-image-2345\"\/><\/figure><\/div>\n<\/div>\n\n\n\n<div class=\"wp-block-column is-vertically-aligned-center re-blcok-contact\" style=\"flex-basis:75%\">\n<p class=\"has-text-align-right has-background-color has-text-color has-small-font-size\">\u2022<strong> Kontakt<\/strong><br>Adresse : An der Eiche 14, 25421<br>Pinneberg Germany<br>Phone : +49 4101 6976439<br>E-Mail : info@gerstex.com<br>Web : www.gerstex.com\/de<\/p>\n<\/div>\n\n\n\n<div class=\"wp-block-column\" style=\"flex-basis:5%\">\n<div style=\"height:\" aria-hidden=\"true\" class=\"wp-block-spacer\"><\/div>\n<\/div>\n<\/div>\n\n\n\n<div class=\"wp-block-columns alignfull re-block has-background-color has-black-background-color has-text-color has-background\">\n<div class=\"wp-block-column\" style=\"flex-basis:5%\">\n<div style=\"height:10px\" aria-hidden=\"true\" class=\"wp-block-spacer\"><\/div>\n<\/div>\n\n\n\n<div class=\"wp-block-column has-background-color has-text-color\">\n<p class=\"has-text-align-left\" style=\"font-size:1em\">\u00a9 COPYRIGHT GERSTEX.COM<\/p>\n<\/div>\n\n\n\n<div class=\"wp-block-column\">\n<div style=\"height:10px\" aria-hidden=\"true\" class=\"wp-block-spacer\"><\/div>\n<\/div>\n\n\n\n<div class=\"wp-block-column has-background-color has-text-color\">\n<p class=\"has-text-align-right color: white has-background-color has-text-color\" style=\"font-size:1em\"><a href=\"https:\/\/gerstex.com\/de\/imprint\/\" data-type=\"page\" style=\"color: white;\">IMPRESSUM<\/a>  <\/p>\n<\/div>\n\n\n\n<div class=\"wp-block-column\" style=\"flex-basis:160px\">\n<p class=\"has-text-align-right has-background-color has-text-color\" style=\"font-size:1em\"><a href=\"https:\/\/gerstex.com\/de\/datenschutz\/\" data-type=\"page\" style=\"color: white;\">DATENSCHUTZ<\/a><\/p>\n<\/div>\n\n\n\n<div class=\"wp-block-column\" style=\"flex-basis:5%\">\n<div style=\"height:10px\" aria-hidden=\"true\" class=\"wp-block-spacer\"><\/div>\n<\/div>\n<\/div>\n","protected":false},"excerpt":{"rendered":"<p>Ein kleines Land mitten im Herzen Europas.Vom hohen Norden und der rauen Nordseek\u00fcste, seinenMarschen und vorgelagerten Inseln durchdie Gro\u00dfst\u00e4dte \u00fcber Hamburg und Bremen in den pulsierendenRuhrpott und weiter in den S\u00fcden nach Bayern mit seinen Bergen und T\u00e4lern hatDeutschland wohl f\u00fcr jedes Herz ein passendes Fleckchen parat.Deutschland, das ist nicht nur \u201eMade in Germany\u201c, das<a class=\"more-link\" href=\"https:\/\/gerstex.com\/de\/language-training\/\"><span class=\"screen-reader-text\">&#8220;Language Course_de&#8221;<\/span> \uacc4\uc18d \uc77d\uae30<\/a><\/p>\n","protected":false},"author":1,"featured_media":0,"parent":0,"menu_order":0,"comment_status":"closed","ping_status":"closed","template":"","meta":{"ngg_post_thumbnail":0},"_links":{"self":[{"href":"https:\/\/gerstex.com\/de\/wp-json\/wp\/v2\/pages\/1028"}],"collection":[{"href":"https:\/\/gerstex.com\/de\/wp-json\/wp\/v2\/pages"}],"about":[{"href":"https:\/\/gerstex.com\/de\/wp-json\/wp\/v2\/types\/page"}],"author":[{"embeddable":true,"href":"https:\/\/gerstex.com\/de\/wp-json\/wp\/v2\/users\/1"}],"replies":[{"embeddable":true,"href":"https:\/\/gerstex.com\/de\/wp-json\/wp\/v2\/comments?post=1028"}],"version-history":[{"count":1,"href":"https:\/\/gerstex.com\/de\/wp-json\/wp\/v2\/pages\/1028\/revisions"}],"predecessor-version":[{"id":2589,"href":"https:\/\/gerstex.com\/de\/wp-json\/wp\/v2\/pages\/1028\/revisions\/2589"}],"wp:attachment":[{"href":"https:\/\/gerstex.com\/de\/wp-json\/wp\/v2\/media?parent=1028"}],"curies":[{"name":"wp","href":"https:\/\/api.w.org\/{rel}","templated":true}]}}